{"id":2497,"date":"2020-08-30T21:25:41","date_gmt":"2020-08-30T19:25:41","guid":{"rendered":"http:\/\/grundschule-am-papenberg.de\/?page_id=2497"},"modified":"2020-08-30T21:29:46","modified_gmt":"2020-08-30T19:29:46","slug":"mittagessen","status":"publish","type":"page","link":"http:\/\/grundschule-am-papenberg.de\/?page_id=2497","title":{"rendered":"Mittagessen"},"content":{"rendered":"<p>Der Essenanbieter BBG mit Sitz in der Kita Weltentdecker ist telefonisch unter folgender Nummer zu erreichen: o3991\/7475836. Dort m\u00fcssen Sie die An- und Abmeldung f\u00fcr das Essen Ihres Kindes vornehmen. Dies muss t\u00e4glich bis 8.00 Uhr erfolgen bzw. den ausgef\u00fcllten Essenplan rechtzeitig abgeben.<\/p>\n","protected":false},"excerpt":{"rendered":"<p>Der Essenanbieter BBG mit Sitz in der Kita Weltentdecker ist telefonisch unter folgender Nummer zu erreichen: o3991\/7475836. Dort m\u00fcssen Sie die An- und Abmeldung f\u00fcr das Essen Ihres Kindes vornehmen. Dies muss t\u00e4glich bis 8.00 Uhr erfolgen bzw. den ausgef\u00fcllten Essenplan rechtzeitig abgeben.<\/p>\n","protected":false},"author":2,"featured_media":0,"parent":33,"menu_order":0,"comment_status":"closed","ping_status":"closed","template":"","meta":{"footnotes":""},"class_list":["post-2497","page","type-page","status-publish","hentry"],"_links":{"self":[{"href":"http:\/\/grundschule-am-papenberg.de\/index.php?rest_route=\/wp\/v2\/pages\/2497","targetHints":{"allow":["GET"]}}],"collection":[{"href":"http:\/\/grundschule-am-papenberg.de\/index.php?rest_route=\/wp\/v2\/pages"}],"about":[{"href":"http:\/\/grundschule-am-papenberg.de\/index.php?rest_route=\/wp\/v2\/types\/page"}],"author":[{"embeddable":true,"href":"http:\/\/grundschule-am-papenberg.de\/index.php?rest_route=\/wp\/v2\/users\/2"}],"replies":[{"embeddable":true,"href":"http:\/\/grundschule-am-papenberg.de\/index.php?rest_route=%2Fwp%2Fv2%2Fcomments&post=2497"}],"version-history":[{"count":3,"href":"http:\/\/grundschule-am-papenberg.de\/index.php?rest_route=\/wp\/v2\/pages\/2497\/revisions"}],"predecessor-version":[{"id":2501,"href":"http:\/\/grundschule-am-papenberg.de\/index.php?rest_route=\/wp\/v2\/pages\/2497\/revisions\/2501"}],"up":[{"embeddable":true,"href":"http:\/\/grundschule-am-papenberg.de\/index.php?rest_route=\/wp\/v2\/pages\/33"}],"wp:attachment":[{"href":"http:\/\/grundschule-am-papenberg.de\/index.php?rest_route=%2Fwp%2Fv2%2Fmedia&parent=2497"}],"curies":[{"name":"wp","href":"https:\/\/api.w.org\/{rel}","templated":true}]}}