{"id":10,"date":"2015-03-10T08:12:00","date_gmt":"2015-03-10T07:12:00","guid":{"rendered":"http:\/\/grundschule-am-papenberg.de\/wordpress\/?page_id=10"},"modified":"2025-05-28T15:43:56","modified_gmt":"2025-05-28T13:43:56","slug":"dritte-beispielseite","status":"publish","type":"page","link":"http:\/\/grundschule-am-papenberg.de\/?page_id=10","title":{"rendered":"Schulportrait"},"content":{"rendered":"<p style=\"text-align: left;\">Im Jahre 1991 wurde die ehemalige POS \u201eJose\u00b4 Marti\u201c in eine Grundschule und eine Realschule geteilt. Bis zum Jahr 2000 arbeiteten beide Schulen in einem Geb\u00e4ude. Die Schule wurde von 2000 bis 2001 saniert. Ab dem Jahr 2001 gab es in Waren\/Ost nur noch die Grundschule Am Papenberg. Der Schultr\u00e4ger, die Stadt Waren, schaffte sehr gute Lern- und Arbeitsbedingungen f\u00fcr alle Sch\u00fcler und Lehrer.<br \/>Zum Schulgel\u00e4nde geh\u00f6ren das Hauptgeb\u00e4ude mit einer gro\u00dfz\u00fcgigen Pausenhalle (Atrium),<\/p>\n<figure id=\"attachment_5619\" aria-describedby=\"caption-attachment-5619\" style=\"width: 704px\" class=\"wp-caption alignnone\"><img loading=\"lazy\" decoding=\"async\" class=\"wp-image-5619\" src=\"http:\/\/grundschule-am-papenberg.de\/wordpress\/wp-content\/uploads\/2025\/05\/IMG_8552-300x225.jpeg\" alt=\"\" width=\"704\" height=\"528\" srcset=\"http:\/\/grundschule-am-papenberg.de\/wordpress\/wp-content\/uploads\/2025\/05\/IMG_8552-300x225.jpeg 300w, http:\/\/grundschule-am-papenberg.de\/wordpress\/wp-content\/uploads\/2025\/05\/IMG_8552-1024x768.jpeg 1024w, http:\/\/grundschule-am-papenberg.de\/wordpress\/wp-content\/uploads\/2025\/05\/IMG_8552-768x576.jpeg 768w, http:\/\/grundschule-am-papenberg.de\/wordpress\/wp-content\/uploads\/2025\/05\/IMG_8552-1536x1152.jpeg 1536w, http:\/\/grundschule-am-papenberg.de\/wordpress\/wp-content\/uploads\/2025\/05\/IMG_8552-2048x1536.jpeg 2048w, http:\/\/grundschule-am-papenberg.de\/wordpress\/wp-content\/uploads\/2025\/05\/IMG_8552-307x230.jpeg 307w\" sizes=\"auto, (max-width: 704px) 100vw, 704px\" \/><figcaption id=\"caption-attachment-5619\" class=\"wp-caption-text\">Das Atrium unserer Schule<\/figcaption><\/figure>\n<p style=\"text-align: left;\">zwei Schulhoffl\u00e4chen, eine Gr\u00fcnfl\u00e4che f\u00fcr die Hortbetreuung, eine Turnhalle sowie eine Kleinsportanlage.<br \/>Die Turnhalle befindet sich in der Feldstra\u00dfe in unmittelbarer N\u00e4he des Schulgel\u00e4ndes. Die Halle und die Umkleider\u00e4ume sind in einem sanierten Zustand. Die W\u00e4nde sind mit Prallschutz ausgestattet und es stehen alle notwendigen Sportger\u00e4te f\u00fcr den Unterricht zur Verf\u00fcgung. Zus\u00e4tzlich werden die Ballspielfl\u00e4che, die Laufanlage und die Sprunganlagen von der\u00a0Regionalschule Friedrich Dethloff genutzt.<br \/>Die Innengestaltung des Schulgeb\u00e4udes beruht in allen Etagen auf einem abgestimmten Farbkonzept, das beruhigend, freundlich und einladend auf das Schulleben wirkt.<\/p>\n<figure id=\"attachment_5622\" aria-describedby=\"caption-attachment-5622\" style=\"width: 699px\" class=\"wp-caption alignnone\"><img loading=\"lazy\" decoding=\"async\" class=\"wp-image-5622\" src=\"http:\/\/grundschule-am-papenberg.de\/wordpress\/wp-content\/uploads\/2025\/05\/IMG_8544-300x225.jpeg\" alt=\"\" width=\"699\" height=\"524\" srcset=\"http:\/\/grundschule-am-papenberg.de\/wordpress\/wp-content\/uploads\/2025\/05\/IMG_8544-300x225.jpeg 300w, http:\/\/grundschule-am-papenberg.de\/wordpress\/wp-content\/uploads\/2025\/05\/IMG_8544-1024x768.jpeg 1024w, http:\/\/grundschule-am-papenberg.de\/wordpress\/wp-content\/uploads\/2025\/05\/IMG_8544-768x576.jpeg 768w, http:\/\/grundschule-am-papenberg.de\/wordpress\/wp-content\/uploads\/2025\/05\/IMG_8544-1536x1152.jpeg 1536w, http:\/\/grundschule-am-papenberg.de\/wordpress\/wp-content\/uploads\/2025\/05\/IMG_8544-2048x1536.jpeg 2048w, http:\/\/grundschule-am-papenberg.de\/wordpress\/wp-content\/uploads\/2025\/05\/IMG_8544-307x230.jpeg 307w\" sizes=\"auto, (max-width: 699px) 100vw, 699px\" \/><figcaption id=\"caption-attachment-5622\" class=\"wp-caption-text\">Ein Klassenraum der 1. Klassen<\/figcaption><\/figure>\n<p style=\"text-align: left;\">Die Klassenr\u00e4ume werden j\u00e4hrlich entsprechend der jeweiligen Altersgruppe durch die Lehrer, Sch\u00fcler und Eltern gestaltet. In der Zeit vom 05.03.2018 \u2013 14.06.2019 wurde unsere Schule durch einen Anbau erweitert. Neue gro\u00dfe Klassenr\u00e4ume und Fachr\u00e4ume sind entstanden. Inzwischen geh\u00f6ren 18 Unterrichtsr\u00e4ume, teilweise mit Computer ausgestattet, zwei F\u00f6rderr\u00e4ume, ein Kunstraum, ein Musikraum, zwei Werkr\u00e4ume, sowie ein Speiseraum zu unserer Grundschule.<\/p>\n<figure id=\"attachment_5623\" aria-describedby=\"caption-attachment-5623\" style=\"width: 699px\" class=\"wp-caption alignnone\"><img loading=\"lazy\" decoding=\"async\" class=\"wp-image-5623\" src=\"http:\/\/grundschule-am-papenberg.de\/wordpress\/wp-content\/uploads\/2025\/05\/IMG_8606-300x225.jpeg\" alt=\"\" width=\"699\" height=\"524\" srcset=\"http:\/\/grundschule-am-papenberg.de\/wordpress\/wp-content\/uploads\/2025\/05\/IMG_8606-300x225.jpeg 300w, http:\/\/grundschule-am-papenberg.de\/wordpress\/wp-content\/uploads\/2025\/05\/IMG_8606-1024x768.jpeg 1024w, http:\/\/grundschule-am-papenberg.de\/wordpress\/wp-content\/uploads\/2025\/05\/IMG_8606-768x576.jpeg 768w, http:\/\/grundschule-am-papenberg.de\/wordpress\/wp-content\/uploads\/2025\/05\/IMG_8606-1536x1152.jpeg 1536w, http:\/\/grundschule-am-papenberg.de\/wordpress\/wp-content\/uploads\/2025\/05\/IMG_8606-2048x1536.jpeg 2048w, http:\/\/grundschule-am-papenberg.de\/wordpress\/wp-content\/uploads\/2025\/05\/IMG_8606-307x230.jpeg 307w\" sizes=\"auto, (max-width: 699px) 100vw, 699px\" \/><figcaption id=\"caption-attachment-5623\" class=\"wp-caption-text\">Einer unserer F\u00f6rderr\u00e4ume, in denen Kinder individuelle F\u00f6rderung erhalten k\u00f6nnen.<\/figcaption><\/figure>\n<figure id=\"attachment_5643\" aria-describedby=\"caption-attachment-5643\" style=\"width: 698px\" class=\"wp-caption alignnone\"><img loading=\"lazy\" decoding=\"async\" class=\"wp-image-5643\" src=\"http:\/\/grundschule-am-papenberg.de\/wordpress\/wp-content\/uploads\/2025\/05\/IMG_8634-300x225.jpeg\" alt=\"\" width=\"698\" height=\"524\" srcset=\"http:\/\/grundschule-am-papenberg.de\/wordpress\/wp-content\/uploads\/2025\/05\/IMG_8634-300x225.jpeg 300w, http:\/\/grundschule-am-papenberg.de\/wordpress\/wp-content\/uploads\/2025\/05\/IMG_8634-1024x768.jpeg 1024w, http:\/\/grundschule-am-papenberg.de\/wordpress\/wp-content\/uploads\/2025\/05\/IMG_8634-768x576.jpeg 768w, http:\/\/grundschule-am-papenberg.de\/wordpress\/wp-content\/uploads\/2025\/05\/IMG_8634-1536x1152.jpeg 1536w, http:\/\/grundschule-am-papenberg.de\/wordpress\/wp-content\/uploads\/2025\/05\/IMG_8634-2048x1536.jpeg 2048w, http:\/\/grundschule-am-papenberg.de\/wordpress\/wp-content\/uploads\/2025\/05\/IMG_8634-307x230.jpeg 307w\" sizes=\"auto, (max-width: 698px) 100vw, 698px\" \/><figcaption id=\"caption-attachment-5643\" class=\"wp-caption-text\">Unser modernes Computerkabinett f\u00fcr den PC-Unterricht<\/figcaption><\/figure>\n<figure id=\"attachment_5646\" aria-describedby=\"caption-attachment-5646\" style=\"width: 699px\" class=\"wp-caption alignnone\"><img loading=\"lazy\" decoding=\"async\" class=\"wp-image-5646\" src=\"http:\/\/grundschule-am-papenberg.de\/wordpress\/wp-content\/uploads\/2025\/05\/IMG_8614-300x225.jpeg\" alt=\"\" width=\"699\" height=\"524\" srcset=\"http:\/\/grundschule-am-papenberg.de\/wordpress\/wp-content\/uploads\/2025\/05\/IMG_8614-300x225.jpeg 300w, http:\/\/grundschule-am-papenberg.de\/wordpress\/wp-content\/uploads\/2025\/05\/IMG_8614-1024x768.jpeg 1024w, http:\/\/grundschule-am-papenberg.de\/wordpress\/wp-content\/uploads\/2025\/05\/IMG_8614-768x576.jpeg 768w, http:\/\/grundschule-am-papenberg.de\/wordpress\/wp-content\/uploads\/2025\/05\/IMG_8614-1536x1152.jpeg 1536w, http:\/\/grundschule-am-papenberg.de\/wordpress\/wp-content\/uploads\/2025\/05\/IMG_8614-2048x1536.jpeg 2048w, http:\/\/grundschule-am-papenberg.de\/wordpress\/wp-content\/uploads\/2025\/05\/IMG_8614-307x230.jpeg 307w\" sizes=\"auto, (max-width: 699px) 100vw, 699px\" \/><figcaption id=\"caption-attachment-5646\" class=\"wp-caption-text\">Der Kunstraum<\/figcaption><\/figure>\n<figure id=\"attachment_5630\" aria-describedby=\"caption-attachment-5630\" style=\"width: 699px\" class=\"wp-caption alignnone\"><img loading=\"lazy\" decoding=\"async\" class=\"wp-image-5630\" src=\"http:\/\/grundschule-am-papenberg.de\/wordpress\/wp-content\/uploads\/2025\/05\/IMG_8594-300x225.jpeg\" alt=\"\" width=\"699\" height=\"524\" srcset=\"http:\/\/grundschule-am-papenberg.de\/wordpress\/wp-content\/uploads\/2025\/05\/IMG_8594-300x225.jpeg 300w, http:\/\/grundschule-am-papenberg.de\/wordpress\/wp-content\/uploads\/2025\/05\/IMG_8594-1024x768.jpeg 1024w, http:\/\/grundschule-am-papenberg.de\/wordpress\/wp-content\/uploads\/2025\/05\/IMG_8594-768x576.jpeg 768w, http:\/\/grundschule-am-papenberg.de\/wordpress\/wp-content\/uploads\/2025\/05\/IMG_8594-1536x1152.jpeg 1536w, http:\/\/grundschule-am-papenberg.de\/wordpress\/wp-content\/uploads\/2025\/05\/IMG_8594-2048x1536.jpeg 2048w, http:\/\/grundschule-am-papenberg.de\/wordpress\/wp-content\/uploads\/2025\/05\/IMG_8594-307x230.jpeg 307w\" sizes=\"auto, (max-width: 699px) 100vw, 699px\" \/><figcaption id=\"caption-attachment-5630\" class=\"wp-caption-text\">Der Religionsraum<\/figcaption><\/figure>\n<figure id=\"attachment_2511\" aria-describedby=\"caption-attachment-2511\" style=\"width: 700px\" class=\"wp-caption aligncenter\"><img loading=\"lazy\" decoding=\"async\" class=\"wp-image-2511\" src=\"http:\/\/grundschule-am-papenberg.de\/wordpress\/wp-content\/uploads\/2020\/09\/CIMG3675-300x225.jpg\" alt=\"\" width=\"700\" height=\"525\" srcset=\"http:\/\/grundschule-am-papenberg.de\/wordpress\/wp-content\/uploads\/2020\/09\/CIMG3675-300x225.jpg 300w, http:\/\/grundschule-am-papenberg.de\/wordpress\/wp-content\/uploads\/2020\/09\/CIMG3675-768x576.jpg 768w, http:\/\/grundschule-am-papenberg.de\/wordpress\/wp-content\/uploads\/2020\/09\/CIMG3675-1024x768.jpg 1024w, http:\/\/grundschule-am-papenberg.de\/wordpress\/wp-content\/uploads\/2020\/09\/CIMG3675-307x230.jpg 307w\" sizes=\"auto, (max-width: 700px) 100vw, 700px\" \/><figcaption id=\"caption-attachment-2511\" class=\"wp-caption-text\">Der Speiseraum<\/figcaption><\/figure>\n<p style=\"text-align: left;\">\u00a0Die Schulhoffl\u00e4chen sind ausreichend f\u00fcr die Unterrichtszeit und die Hortbetreuung. Sie wurden im Jahr 2019 neu angelegt.<\/p>\n<figure id=\"attachment_5627\" aria-describedby=\"caption-attachment-5627\" style=\"width: 699px\" class=\"wp-caption alignnone\"><img loading=\"lazy\" decoding=\"async\" class=\"wp-image-5627\" src=\"http:\/\/grundschule-am-papenberg.de\/wordpress\/wp-content\/uploads\/2025\/05\/IMG_8670-300x225.jpeg\" alt=\"\" width=\"699\" height=\"524\" srcset=\"http:\/\/grundschule-am-papenberg.de\/wordpress\/wp-content\/uploads\/2025\/05\/IMG_8670-300x225.jpeg 300w, http:\/\/grundschule-am-papenberg.de\/wordpress\/wp-content\/uploads\/2025\/05\/IMG_8670-1024x768.jpeg 1024w, http:\/\/grundschule-am-papenberg.de\/wordpress\/wp-content\/uploads\/2025\/05\/IMG_8670-768x576.jpeg 768w, http:\/\/grundschule-am-papenberg.de\/wordpress\/wp-content\/uploads\/2025\/05\/IMG_8670-1536x1152.jpeg 1536w, http:\/\/grundschule-am-papenberg.de\/wordpress\/wp-content\/uploads\/2025\/05\/IMG_8670-2048x1536.jpeg 2048w, http:\/\/grundschule-am-papenberg.de\/wordpress\/wp-content\/uploads\/2025\/05\/IMG_8670-307x230.jpeg 307w\" sizes=\"auto, (max-width: 699px) 100vw, 699px\" \/><figcaption id=\"caption-attachment-5627\" class=\"wp-caption-text\">Der kleine Schulhof mit Blick auf das gl\u00e4serne Atrium<\/figcaption><\/figure>\n<figure id=\"attachment_5628\" aria-describedby=\"caption-attachment-5628\" style=\"width: 699px\" class=\"wp-caption alignnone\"><img loading=\"lazy\" decoding=\"async\" class=\"wp-image-5628\" src=\"http:\/\/grundschule-am-papenberg.de\/wordpress\/wp-content\/uploads\/2025\/05\/IMG_8646-300x225.jpeg\" alt=\"\" width=\"699\" height=\"524\" srcset=\"http:\/\/grundschule-am-papenberg.de\/wordpress\/wp-content\/uploads\/2025\/05\/IMG_8646-300x225.jpeg 300w, http:\/\/grundschule-am-papenberg.de\/wordpress\/wp-content\/uploads\/2025\/05\/IMG_8646-1024x768.jpeg 1024w, http:\/\/grundschule-am-papenberg.de\/wordpress\/wp-content\/uploads\/2025\/05\/IMG_8646-768x576.jpeg 768w, http:\/\/grundschule-am-papenberg.de\/wordpress\/wp-content\/uploads\/2025\/05\/IMG_8646-1536x1152.jpeg 1536w, http:\/\/grundschule-am-papenberg.de\/wordpress\/wp-content\/uploads\/2025\/05\/IMG_8646-2048x1536.jpeg 2048w, http:\/\/grundschule-am-papenberg.de\/wordpress\/wp-content\/uploads\/2025\/05\/IMG_8646-307x230.jpeg 307w\" sizes=\"auto, (max-width: 699px) 100vw, 699px\" \/><figcaption id=\"caption-attachment-5628\" class=\"wp-caption-text\">Unser gro\u00dfer Schulhof samt Piratenschiff<\/figcaption><\/figure>\n\n\n<figure class=\"wp-block-image size-large is-resized\"><img loading=\"lazy\" decoding=\"async\" width=\"1024\" height=\"768\" src=\"http:\/\/grundschule-am-papenberg.de\/wordpress\/wp-content\/uploads\/2025\/05\/IMG_8695-2-1024x768.jpeg\" alt=\"\" class=\"wp-image-5724\" style=\"width:699px;height:auto\" srcset=\"http:\/\/grundschule-am-papenberg.de\/wordpress\/wp-content\/uploads\/2025\/05\/IMG_8695-2-1024x768.jpeg 1024w, http:\/\/grundschule-am-papenberg.de\/wordpress\/wp-content\/uploads\/2025\/05\/IMG_8695-2-300x225.jpeg 300w, http:\/\/grundschule-am-papenberg.de\/wordpress\/wp-content\/uploads\/2025\/05\/IMG_8695-2-768x576.jpeg 768w, http:\/\/grundschule-am-papenberg.de\/wordpress\/wp-content\/uploads\/2025\/05\/IMG_8695-2-1536x1152.jpeg 1536w, http:\/\/grundschule-am-papenberg.de\/wordpress\/wp-content\/uploads\/2025\/05\/IMG_8695-2-2048x1536.jpeg 2048w, http:\/\/grundschule-am-papenberg.de\/wordpress\/wp-content\/uploads\/2025\/05\/IMG_8695-2-307x230.jpeg 307w\" sizes=\"auto, (max-width: 1024px) 100vw, 1024px\" \/><figcaption class=\"wp-element-caption\">Der Werkraum<\/figcaption><\/figure>\n\n\n\n<figure class=\"wp-block-image size-large is-resized\"><img loading=\"lazy\" decoding=\"async\" width=\"1024\" height=\"768\" src=\"http:\/\/grundschule-am-papenberg.de\/wordpress\/wp-content\/uploads\/2025\/05\/IMG_8651-1024x768.jpeg\" alt=\"\" class=\"wp-image-5634\" style=\"width:704px;height:528px\" srcset=\"http:\/\/grundschule-am-papenberg.de\/wordpress\/wp-content\/uploads\/2025\/05\/IMG_8651-1024x768.jpeg 1024w, http:\/\/grundschule-am-papenberg.de\/wordpress\/wp-content\/uploads\/2025\/05\/IMG_8651-300x225.jpeg 300w, http:\/\/grundschule-am-papenberg.de\/wordpress\/wp-content\/uploads\/2025\/05\/IMG_8651-768x576.jpeg 768w, http:\/\/grundschule-am-papenberg.de\/wordpress\/wp-content\/uploads\/2025\/05\/IMG_8651-1536x1152.jpeg 1536w, http:\/\/grundschule-am-papenberg.de\/wordpress\/wp-content\/uploads\/2025\/05\/IMG_8651-2048x1536.jpeg 2048w, http:\/\/grundschule-am-papenberg.de\/wordpress\/wp-content\/uploads\/2025\/05\/IMG_8651-307x230.jpeg 307w\" sizes=\"auto, (max-width: 1024px) 100vw, 1024px\" \/><figcaption class=\"wp-element-caption\">Morgens erfolgt der Einlass aller Kinder \u00fcber das Tor des gro\u00dfen Schulhofes<\/figcaption><\/figure>\n\n\n","protected":false},"excerpt":{"rendered":"<p>Im Jahre 1991 wurde die ehemalige POS \u201eJose\u00b4 Marti\u201c in eine Grundschule und eine Realschule geteilt. Bis zum Jahr 2000 arbeiteten beide Schulen in einem Geb\u00e4ude. Die Schule wurde von 2000 bis 2001 saniert. Ab dem Jahr 2001 gab es in Waren\/Ost nur noch die Grundschule Am Papenberg. Der Schultr\u00e4ger, die Stadt Waren, schaffte sehr [&hellip;]<\/p>\n","protected":false},"author":2,"featured_media":0,"parent":8,"menu_order":0,"comment_status":"closed","ping_status":"closed","template":"","meta":{"footnotes":""},"class_list":["post-10","page","type-page","status-publish","hentry"],"_links":{"self":[{"href":"http:\/\/grundschule-am-papenberg.de\/index.php?rest_route=\/wp\/v2\/pages\/10","targetHints":{"allow":["GET"]}}],"collection":[{"href":"http:\/\/grundschule-am-papenberg.de\/index.php?rest_route=\/wp\/v2\/pages"}],"about":[{"href":"http:\/\/grundschule-am-papenberg.de\/index.php?rest_route=\/wp\/v2\/types\/page"}],"author":[{"embeddable":true,"href":"http:\/\/grundschule-am-papenberg.de\/index.php?rest_route=\/wp\/v2\/users\/2"}],"replies":[{"embeddable":true,"href":"http:\/\/grundschule-am-papenberg.de\/index.php?rest_route=%2Fwp%2Fv2%2Fcomments&post=10"}],"version-history":[{"count":2,"href":"http:\/\/grundschule-am-papenberg.de\/index.php?rest_route=\/wp\/v2\/pages\/10\/revisions"}],"predecessor-version":[{"id":5730,"href":"http:\/\/grundschule-am-papenberg.de\/index.php?rest_route=\/wp\/v2\/pages\/10\/revisions\/5730"}],"up":[{"embeddable":true,"href":"http:\/\/grundschule-am-papenberg.de\/index.php?rest_route=\/wp\/v2\/pages\/8"}],"wp:attachment":[{"href":"http:\/\/grundschule-am-papenberg.de\/index.php?rest_route=%2Fwp%2Fv2%2Fmedia&parent=10"}],"curies":[{"name":"wp","href":"https:\/\/api.w.org\/{rel}","templated":true}]}}